{"id":6966,"date":"2016-10-08T15:59:19","date_gmt":"2016-10-08T13:59:19","guid":{"rendered":"https:\/\/blitzelektro.yotlix.cz\/home\/"},"modified":"2022-11-25T01:10:15","modified_gmt":"2022-11-25T00:10:15","slug":"home","status":"publish","type":"page","link":"https:\/\/blitzelektro.cz\/de\/","title":{"rendered":"Home"},"content":{"rendered":"\n\n\t<h1><!--\n\t--><!--\t--><!--\n\t-->\n\t<\/h1>\n\t\n<div class=\"wpml-ls-statics-footer wpml-ls wpml-ls-legacy-list-horizontal\">\n\t<ul><li class=\"wpml-ls-slot-footer wpml-ls-item wpml-ls-item-cs wpml-ls-first-item wpml-ls-item-legacy-list-horizontal\">\n\t\t\t\t<a href=\"https:\/\/blitzelektro.cz\/\" class=\"wpml-ls-link\">\n                                                        <img decoding=\"async\"\n            class=\"wpml-ls-flag\"\n            src=\"https:\/\/blitzelektro.cz\/assets\/plugins\/sitepress-multilingual-cms\/res\/flags\/cs.png\"\n            alt=\"\"\n            width=18\n            height=12\n    \/><span class=\"wpml-ls-native\" lang=\"cs\">\u010ce\u0161tina<\/span><\/a>\n\t\t\t<\/li><li class=\"wpml-ls-slot-footer wpml-ls-item wpml-ls-item-de wpml-ls-current-language wpml-ls-last-item wpml-ls-item-legacy-list-horizontal\">\n\t\t\t\t<a href=\"https:\/\/blitzelektro.cz\/de\/\" class=\"wpml-ls-link\">\n                                                        <img decoding=\"async\"\n            class=\"wpml-ls-flag\"\n            src=\"https:\/\/blitzelektro.cz\/assets\/plugins\/sitepress-multilingual-cms\/res\/flags\/de.png\"\n            alt=\"\"\n            width=18\n            height=12\n    \/><span class=\"wpml-ls-native\">Deutsch<\/span><\/a>\n\t\t\t<\/li><\/ul>\n<\/div>\n\n\t\t\t\t<img decoding=\"async\" src=\"https:\/\/blitzelektro.cz\/assets\/uploads\/sites\/1336\/bb-plugin\/cache\/led-circle.png\" alt=\"LED osvetleni\" title=\"LED osvetleni\" \/>\n\t\t\t\t \n\t\t<h2>Blitz Elektroinstalationen s.r.o.<\/h2>\nWir besch\u00e4ftigen uns mit  Installationen von Photovoltaikanlagen, mit Elektroinstallationen von sowohl Starkstrom, als auch Schwachstromverteilungen und Anlagen, mit kompletten Rekonstruktionen von Elektroinstallationen der Geb\u00e4ude, Industriehallen und deren Austausch gegen LED-Beleuchtung.\t\t\t\t\t\n\t<h3>\n\t\t\t\tPHOTOVOLTAIKANLAGEN\n\t\t\t<\/h3>\n\t<h3>\n\t\t\t\tLED-BELEUCHTUNG\n\t\t\t<\/h3>\n\t<h3>\n\t\t\t\tVIDEOSYSTEME\n\t\t\t<\/h3>\n\t<h3>\n\t\t\t\tELEKTRO &#8211; SCHWACHSTROM\n\t\t\t<\/h3>\n\t<h3>\n\t\t\t\tELEKTRO &#8211; STARKSTROM \n\t\t\t<\/h3>\n\t<h3>\n\t\t\t\tEMA\n\t\t\t<\/h3>\n\t<h3>\n\t\t\t\tKASSENSYSTEME\n\t\t\t<\/h3>\n\t<h3>\n\t\t\t\tZUGANGSSYSTEME\n\t\t\t<\/h3>\n\t<h3>\n\t\t\t\tSTRUKTURNETZE\n\t\t\t<\/h3>\n\t<h3>\n\t\t\t\tINDUSTRIEBELEUCHTUNG\n\t\t\t<\/h3>\n\t<h3>\n\t\t\t\tBRANDMELDEANLAGEN\n\t\t\t<\/h3>\n\t<h3>\n\t\t\t\tDATENNETZE INKL. NETZWERKCHR\u00c4NKE\n\t\t\t<\/h3>\n<h3>\n\t\tDas alles f\u00fchren wir sowohl in der ganzen Tschechischen Republik, als auch in Deutschland aus.\n\t<\/h3>\n<h3>\n\t\tREFERENZEN\n\t<\/h3>\n\t<p><strong>Elektroinstallationen in Industrie und Gesch\u00e4ftsr\u00e4umen in Deutschland im Jahr 2021:<\/strong><\/p>\n\t<p><strong>Allstedt, Anklam, Berlin, Bernburg, Brandenburg, Braunschweig, Cottbus, Dietzenbach, Dortmund, Duisburg, Eisenach, Essen, Freital, F\u00fcrstenberg, Geislingen, Germersheim, Gesinger, G\u00f6rlitz, Goslar, Gr\u00e4fenhainichen, Halldstadt, Halle, H\u00fcffingen, Iserlohn, Jena, Kassel, Kiel, Kulmbach, Landau in der Pfalz, Landshut, Leinefelde, Leuna, Leverkusen, Luckenwalde, Magdeburg, Manheim, Markt Indersdorf, Marktoberorf, Meuselwitz, M\u00f6nchengladbach, M\u00fcnchen, Neubrandenburg, Neustadt, Oberschlei\u00dfheim, Oberzent, Pfungstadt, Plauen, Pulsnitz, P\u00fcttlingen, Rehau, Rheinfelden, Rosbach, Saalefeld, Saarbr\u00fccken, Sonnenberg, Stockach, Stuttgart, S\u00fcderbrarup, Tostedt, Treffurt, Weil am Rhein, Werningerode, Wiesbaden, Wolnzach, ZeulenrodaTriebes.<\/strong><\/p>\n\t<p><strong>Elektroinstallationen in Industrie und Gesch\u00e4ftsr\u00e4umen in Deutschland im Jahr 2020:<\/strong><\/p>\n\t<p><strong>Kirchdorf, Ingolstadt.<\/strong><\/p>\n\t\t\t<a href=\"#HOME\" target=\"_self\" role=\"button\" aria-label=\"Schreiben Sie uns\" rel=\"noopener\">\n\t\t\t\t\t\t\tSchreiben Sie uns\n\t\t<\/a>\n\t<p>Blitz Elektroinstalationen s.r.o.<\/p>\nN\u00e1m. 1. m\u00e1je 31, 267 01 Kr\u00e1l\u016fv Dv\u016fr<br \/>\nTschechische Republik\n<p>www.blitzelektro.cz\/de<\/p>\nI\u010cO: 09499300, DI\u010c: CZ09499300<br \/>\nSteuernummer 214\/173\/18744<br \/>\nDE335742349\n\tJakub Jurenka<br \/>\nDE 0157 34939049<br \/>\nCZ +420 603 868 757<br \/>\nWhatsApp +420 603 868 757\nStanislav Dupa\u010d (dupatsch)<br \/>\nDE 0157 2554889<br \/>\nCZ +420 603 204 497<br \/>\nWhatsApp +420 603 204 497\n\t<p>info@blitzelektroinstalationen.cz<\/p>\n\n","protected":false},"excerpt":{"rendered":"<p>Blitz Elektroinstalationen s.r.o. Wir besch\u00e4ftigen uns mit Installationen von Photovoltaikanlagen, mit Elektroinstallationen von sowohl Starkstrom, als auch Schwachstromverteilungen und Anlagen, mit kompletten Rekonstruktionen von Elektroinstallationen der Geb\u00e4ude, Industriehallen und deren Austausch gegen LED-Beleuchtung. PHOTOVOLTAIKANLAGEN LED-BELEUCHTUNG VIDEOSYSTEME ELEKTRO &#8211; SCHWACHSTROM ELEKTRO &#8211; STARKSTROM EMA KASSENSYSTEME ZUGANGSSYSTEME STRUKTURNETZE INDUSTRIEBELEUCHTUNG BRANDMELDEANLAGEN DATENNETZE INKL. NETZWERKCHR\u00c4NKE Das alles f\u00fchren wir&hellip;<\/p>\n","protected":false},"author":82,"featured_media":0,"parent":0,"menu_order":0,"comment_status":"closed","ping_status":"closed","template":"","meta":{"footnotes":""},"class_list":["post-6966","page","type-page","status-publish","hentry"],"yoast_head":"<title>Home - Blitz Elektro<\/title>\n<meta name=\"robots\" content=\"index, follow, max-snippet:-1, max-image-preview:large, max-video-preview:-1\" \/>\n<link rel=\"canonical\" href=\"https:\/\/blitzelektro.cz\/de\/\" \/>\n<meta property=\"og:locale\" content=\"de_DE\" \/>\n<meta property=\"og:type\" content=\"article\" \/>\n<meta property=\"og:title\" content=\"Home - Blitz Elektro\" \/>\n<meta property=\"og:description\" content=\"Blitz Elektroinstalationen s.r.o. Wir besch\u00e4ftigen uns mit Installationen von Photovoltaikanlagen, mit Elektroinstallationen von sowohl Starkstrom, als auch Schwachstromverteilungen und Anlagen, mit kompletten Rekonstruktionen von Elektroinstallationen der Geb\u00e4ude, Industriehallen und deren Austausch gegen LED-Beleuchtung. PHOTOVOLTAIKANLAGEN LED-BELEUCHTUNG VIDEOSYSTEME ELEKTRO &#8211; SCHWACHSTROM ELEKTRO &#8211; STARKSTROM EMA KASSENSYSTEME ZUGANGSSYSTEME STRUKTURNETZE INDUSTRIEBELEUCHTUNG BRANDMELDEANLAGEN DATENNETZE INKL. NETZWERKCHR\u00c4NKE Das alles f\u00fchren wir&hellip;\" \/>\n<meta property=\"og:url\" content=\"https:\/\/blitzelektro.cz\/de\/\" \/>\n<meta property=\"og:site_name\" content=\"Blitz Elektro\" \/>\n<meta property=\"article:modified_time\" content=\"2022-11-25T00:10:15+00:00\" \/>\n<meta property=\"og:image\" content=\"https:\/\/blitzelektro.cz\/assets\/uploads\/sites\/1336\/bb-plugin\/cache\/led-circle.png\" \/>\n<meta name=\"twitter:card\" content=\"summary_large_image\" \/>\n<meta name=\"twitter:label1\" content=\"Gesch\u00e4tzte Lesezeit\" \/>\n\t<meta name=\"twitter:data1\" content=\"1\u00a0Minute\" \/>\n<script type=\"application\/ld+json\" class=\"yoast-schema-graph\">{\"@context\":\"https:\/\/schema.org\",\"@graph\":[{\"@type\":\"WebPage\",\"@id\":\"https:\/\/blitzelektro.cz\/de\/\",\"url\":\"https:\/\/blitzelektro.cz\/de\/\",\"name\":\"Home - Blitz Elektro\",\"isPartOf\":{\"@id\":\"https:\/\/blitzelektro.cz\/#website\"},\"datePublished\":\"2016-10-08T13:59:19+00:00\",\"dateModified\":\"2022-11-25T00:10:15+00:00\",\"breadcrumb\":{\"@id\":\"https:\/\/blitzelektro.cz\/de\/#breadcrumb\"},\"inLanguage\":\"de\",\"potentialAction\":[{\"@type\":\"ReadAction\",\"target\":[\"https:\/\/blitzelektro.cz\/de\/\"]}]},{\"@type\":\"BreadcrumbList\",\"@id\":\"https:\/\/blitzelektro.cz\/de\/#breadcrumb\",\"itemListElement\":[{\"@type\":\"ListItem\",\"position\":1,\"name\":\"Dom\u016f\",\"item\":\"https:\/\/blitzelektro.cz\/de\/\"},{\"@type\":\"ListItem\",\"position\":2,\"name\":\"Home\"}]},{\"@type\":\"WebSite\",\"@id\":\"https:\/\/blitzelektro.cz\/#website\",\"url\":\"https:\/\/blitzelektro.cz\/\",\"name\":\"Blitz Elektro\",\"description\":\"Dal\u0161\u00ed nov\u00fd web v r\u00e1mci s\u00edt\u011b M\u016fj web online\",\"potentialAction\":[{\"@type\":\"SearchAction\",\"target\":{\"@type\":\"EntryPoint\",\"urlTemplate\":\"https:\/\/blitzelektro.cz\/?s={search_term_string}\"},\"query-input\":\"required name=search_term_string\"}],\"inLanguage\":\"de\"}]}<\/script>","yoast_head_json":{"title":"Home - Blitz Elektro","robots":{"index":"index","follow":"follow","max-snippet":"max-snippet:-1","max-image-preview":"max-image-preview:large","max-video-preview":"max-video-preview:-1"},"canonical":"https:\/\/blitzelektro.cz\/de\/","og_locale":"de_DE","og_type":"article","og_title":"Home - Blitz Elektro","og_description":"Blitz Elektroinstalationen s.r.o. Wir besch\u00e4ftigen uns mit Installationen von Photovoltaikanlagen, mit Elektroinstallationen von sowohl Starkstrom, als auch Schwachstromverteilungen und Anlagen, mit kompletten Rekonstruktionen von Elektroinstallationen der Geb\u00e4ude, Industriehallen und deren Austausch gegen LED-Beleuchtung. PHOTOVOLTAIKANLAGEN LED-BELEUCHTUNG VIDEOSYSTEME ELEKTRO &#8211; SCHWACHSTROM ELEKTRO &#8211; STARKSTROM EMA KASSENSYSTEME ZUGANGSSYSTEME STRUKTURNETZE INDUSTRIEBELEUCHTUNG BRANDMELDEANLAGEN DATENNETZE INKL. NETZWERKCHR\u00c4NKE Das alles f\u00fchren wir&hellip;","og_url":"https:\/\/blitzelektro.cz\/de\/","og_site_name":"Blitz Elektro","article_modified_time":"2022-11-25T00:10:15+00:00","og_image":[{"url":"https:\/\/blitzelektro.cz\/assets\/uploads\/sites\/1336\/bb-plugin\/cache\/led-circle.png"}],"twitter_card":"summary_large_image","twitter_misc":{"Gesch\u00e4tzte Lesezeit":"1\u00a0Minute"},"schema":{"@context":"https:\/\/schema.org","@graph":[{"@type":"WebPage","@id":"https:\/\/blitzelektro.cz\/de\/","url":"https:\/\/blitzelektro.cz\/de\/","name":"Home - Blitz Elektro","isPartOf":{"@id":"https:\/\/blitzelektro.cz\/#website"},"datePublished":"2016-10-08T13:59:19+00:00","dateModified":"2022-11-25T00:10:15+00:00","breadcrumb":{"@id":"https:\/\/blitzelektro.cz\/de\/#breadcrumb"},"inLanguage":"de","potentialAction":[{"@type":"ReadAction","target":["https:\/\/blitzelektro.cz\/de\/"]}]},{"@type":"BreadcrumbList","@id":"https:\/\/blitzelektro.cz\/de\/#breadcrumb","itemListElement":[{"@type":"ListItem","position":1,"name":"Dom\u016f","item":"https:\/\/blitzelektro.cz\/de\/"},{"@type":"ListItem","position":2,"name":"Home"}]},{"@type":"WebSite","@id":"https:\/\/blitzelektro.cz\/#website","url":"https:\/\/blitzelektro.cz\/","name":"Blitz Elektro","description":"Dal\u0161\u00ed nov\u00fd web v r\u00e1mci s\u00edt\u011b M\u016fj web online","potentialAction":[{"@type":"SearchAction","target":{"@type":"EntryPoint","urlTemplate":"https:\/\/blitzelektro.cz\/?s={search_term_string}"},"query-input":"required name=search_term_string"}],"inLanguage":"de"}]}},"_links":{"self":[{"href":"https:\/\/blitzelektro.cz\/de\/wp-json\/wp\/v2\/pages\/6966","targetHints":{"allow":["GET"]}}],"collection":[{"href":"https:\/\/blitzelektro.cz\/de\/wp-json\/wp\/v2\/pages"}],"about":[{"href":"https:\/\/blitzelektro.cz\/de\/wp-json\/wp\/v2\/types\/page"}],"author":[{"embeddable":true,"href":"https:\/\/blitzelektro.cz\/de\/wp-json\/wp\/v2\/users\/82"}],"replies":[{"embeddable":true,"href":"https:\/\/blitzelektro.cz\/de\/wp-json\/wp\/v2\/comments?post=6966"}],"version-history":[{"count":21,"href":"https:\/\/blitzelektro.cz\/de\/wp-json\/wp\/v2\/pages\/6966\/revisions"}],"predecessor-version":[{"id":7091,"href":"https:\/\/blitzelektro.cz\/de\/wp-json\/wp\/v2\/pages\/6966\/revisions\/7091"}],"wp:attachment":[{"href":"https:\/\/blitzelektro.cz\/de\/wp-json\/wp\/v2\/media?parent=6966"}],"curies":[{"name":"wp","href":"https:\/\/api.w.org\/{rel}","templated":true}]}}